

{"id":13438,"date":"2021-01-14T10:55:41","date_gmt":"2021-01-14T09:55:41","guid":{"rendered":"https:\/\/staf59.com\/?page_id=13438"},"modified":"2025-05-14T09:39:36","modified_gmt":"2025-05-14T07:39:36","slug":"contactanos","status":"publish","type":"page","link":"https:\/\/www.staf59.com\/es\/contactanos\/","title":{"rendered":"Cont\u00e1ctanos"},"content":{"rendered":"<div class=\"fusion-fullwidth fullwidth-box fusion-builder-row-1 fusion-flex-container nonhundred-percent-fullwidth non-hundred-percent-height-scrolling\" style=\"--awb-border-radius-top-left:0px;--awb-border-radius-top-right:0px;--awb-border-radius-bottom-right:0px;--awb-border-radius-bottom-left:0px;--awb-padding-top:90px;--awb-padding-bottom:90px;--awb-flex-wrap:wrap;\" ><div class=\"fusion-builder-row fusion-row fusion-flex-align-items-flex-start fusion-flex-justify-content-center fusion-flex-content-wrap\" style=\"max-width:1248px;margin-left: calc(-4% \/ 2 );margin-right: calc(-4% \/ 2 );\"><div class=\"fusion-layout-column fusion_builder_column fusion-builder-column-0 fusion_builder_column_2_3 2_3 fusion-flex-column fusion-animated\" style=\"--awb-padding-right:25px;--awb-bg-size:cover;--awb-width-large:66.666666666667%;--awb-margin-top-large:0px;--awb-spacing-right-large:2.88%;--awb-margin-bottom-large:20px;--awb-spacing-left-large:2.88%;--awb-width-medium:66.666666666667%;--awb-order-medium:0;--awb-spacing-right-medium:2.88%;--awb-spacing-left-medium:2.88%;--awb-width-small:100%;--awb-order-small:0;--awb-spacing-right-small:1.92%;--awb-spacing-left-small:1.92%;\" data-animationType=\"fadeInLeft\" data-animationDuration=\"1.0\" data-animationOffset=\"top-into-view\"><div class=\"fusion-column-wrapper fusion-column-has-shadow fusion-flex-justify-content-flex-start fusion-content-layout-column\"><div class=\"fusion-title title fusion-title-1 fusion-sep-none fusion-title-text fusion-title-size-two\" style=\"--awb-margin-top:0px;--awb-margin-bottom:30px;--awb-font-size:60px;\"><h2 class=\"fusion-title-heading title-heading-left\" style=\"margin:0;font-size:1em;line-height:3rem;\">Cont\u00e1ctanos<\/h2><\/div><div class=\"fusion-text fusion-text-1\" style=\"--awb-content-alignment:left;\"><p>STAF59 est\u00e1 presente desde hace m\u00e1s de 60 a\u00f1os en el mercado de los equipos para el fr\u00edo, produce una amplia gama de m\u00e1quinas para la producci\u00f3n de hielo en escamas, y m\u00e1quinas para helado.<\/p>\n<\/div><\/div><\/div><div class=\"fusion-layout-column fusion_builder_column fusion-builder-column-1 fusion_builder_column_1_3 1_3 fusion-flex-column fusion-animated\" style=\"--awb-bg-size:cover;--awb-width-large:33.333333333333%;--awb-margin-top-large:0px;--awb-spacing-right-large:5.76%;--awb-margin-bottom-large:20px;--awb-spacing-left-large:5.76%;--awb-width-medium:33.333333333333%;--awb-order-medium:0;--awb-spacing-right-medium:5.76%;--awb-spacing-left-medium:5.76%;--awb-width-small:100%;--awb-order-small:0;--awb-spacing-right-small:1.92%;--awb-spacing-left-small:1.92%;\" data-animationType=\"fadeInRight\" data-animationDuration=\"1.0\" data-animationOffset=\"top-into-view\"><div class=\"fusion-column-wrapper fusion-column-has-shadow fusion-flex-justify-content-flex-start fusion-content-layout-column\"><ul style=\"--awb-size:18px;--awb-iconcolor:#cec18a;--awb-line-height:30.6px;--awb-icon-width:30.6px;--awb-icon-height:30.6px;--awb-icon-margin:12.6px;--awb-content-margin:43.2px;\" class=\"fusion-checklist fusion-checklist-1 fusion-checklist-default type-icons\"><li class=\"fusion-li-item\" style=\"\"><span class=\"icon-wrapper circle-no\"><i class=\"fusion-li-icon awb-butcher-phone-square-alt\" aria-hidden=\"true\"><\/i><\/span><div class=\"fusion-li-item-content\">\n<p><a href=\"tel:00390541373250\">+39 0541 373250<\/a><\/p>\n<\/div><\/li><li class=\"fusion-li-item\" style=\"\"><span class=\"icon-wrapper circle-no\"><i class=\"fusion-li-icon awb-butcher-paper-plane\" aria-hidden=\"true\"><\/i><\/span><div class=\"fusion-li-item-content\">\n<p><a href=\"mailto:office@staff1959.com\">office@staff1959.com<\/a><\/p>\n<\/div><\/li><\/ul><iframe src=\"https:\/\/www.google.com\/maps\/embed?pb=!1m18!1m12!1m3!1d358.54567563939946!2d12.599429199517726!3d44.03451650731273!2m3!1f0!2f0!3f0!3m2!1i1024!2i768!4f13.1!3m3!1m2!1s0x132cc302089f2ae5%3A0x96292594764a738b!2sSTAF59!5e0!3m2!1sit!2sit!4v1711449230510!5m2!1sit!2sit\" width=\"100%\" height=\"450\" style=\"border:0;\" allowfullscreen=\"\" loading=\"lazy\" referrerpolicy=\"no-referrer-when-downgrade\"><\/iframe><\/div><\/div><\/div><\/div>\n","protected":false},"excerpt":{"rendered":"","protected":false},"author":1,"featured_media":0,"parent":0,"menu_order":0,"comment_status":"closed","ping_status":"closed","template":"100-width.php","meta":{"inline_featured_image":false,"footnotes":""},"class_list":["post-13438","page","type-page","status-publish","hentry"],"acf":[],"yoast_head":"<!-- This site is optimized with the Yoast SEO plugin v27.4 - https:\/\/yoast.com\/product\/yoast-seo-wordpress\/ -->\n<title>Cont\u00e1ctanos - STAF59<\/title>\n<meta name=\"description\" content=\"STAF59 est\u00e1 presente desde hace m\u00e1s de 60 a\u00f1os en el mercado de los equipos para el fr\u00edo, produce una amplia gama de m\u00e1quinas para la producci\u00f3n de hielo en escamas, y m\u00e1quinas para helado.\" \/>\n<meta name=\"robots\" content=\"index, follow, max-snippet:-1, max-image-preview:large, max-video-preview:-1\" \/>\n<link rel=\"canonical\" href=\"https:\/\/www.staf59.com\/contact\/\" \/>\n<meta property=\"og:locale\" content=\"es_ES\" \/>\n<meta property=\"og:type\" content=\"article\" \/>\n<meta property=\"og:title\" content=\"Cont\u00e1ctanos - STAF59\" \/>\n<meta property=\"og:description\" content=\"STAF59 est\u00e1 presente desde hace m\u00e1s de 60 a\u00f1os en el mercado de los equipos para el fr\u00edo, produce una amplia gama de m\u00e1quinas para la producci\u00f3n de hielo en escamas, y m\u00e1quinas para helado.\" \/>\n<meta property=\"og:url\" content=\"https:\/\/www.staf59.com\/contact\/\" \/>\n<meta property=\"og:site_name\" content=\"STAF59\" \/>\n<meta property=\"article:publisher\" content=\"https:\/\/www.facebook.com\/staff1959\" \/>\n<meta property=\"article:modified_time\" content=\"2025-05-14T07:39:36+00:00\" \/>\n<meta name=\"twitter:card\" content=\"summary_large_image\" \/>\n<meta name=\"twitter:label1\" content=\"Tiempo de lectura\" \/>\n\t<meta name=\"twitter:data1\" content=\"1 minuto\" \/>\n<script type=\"application\/ld+json\" class=\"yoast-schema-graph\">{\"@context\":\"https:\\\/\\\/schema.org\",\"@graph\":[{\"@type\":\"WebPage\",\"@id\":\"https:\\\/\\\/www.staf59.com\\\/contact\\\/\",\"url\":\"https:\\\/\\\/www.staf59.com\\\/contact\\\/\",\"name\":\"Cont\u00e1ctanos - STAF59\",\"isPartOf\":{\"@id\":\"https:\\\/\\\/www.staf59.com\\\/#website\"},\"datePublished\":\"2021-01-14T09:55:41+00:00\",\"dateModified\":\"2025-05-14T07:39:36+00:00\",\"description\":\"STAF59 est\u00e1 presente desde hace m\u00e1s de 60 a\u00f1os en el mercado de los equipos para el fr\u00edo, produce una amplia gama de m\u00e1quinas para la producci\u00f3n de hielo en escamas, y m\u00e1quinas para helado.\",\"breadcrumb\":{\"@id\":\"https:\\\/\\\/www.staf59.com\\\/contact\\\/#breadcrumb\"},\"inLanguage\":\"es\",\"potentialAction\":[{\"@type\":\"ReadAction\",\"target\":[\"https:\\\/\\\/www.staf59.com\\\/contact\\\/\"]}]},{\"@type\":\"BreadcrumbList\",\"@id\":\"https:\\\/\\\/www.staf59.com\\\/contact\\\/#breadcrumb\",\"itemListElement\":[{\"@type\":\"ListItem\",\"position\":1,\"name\":\"Home\",\"item\":\"https:\\\/\\\/www.staf59.com\\\/es\\\/\"},{\"@type\":\"ListItem\",\"position\":2,\"name\":\"Cont\u00e1ctanos\"}]},{\"@type\":\"WebSite\",\"@id\":\"https:\\\/\\\/www.staf59.com\\\/#website\",\"url\":\"https:\\\/\\\/www.staf59.com\\\/\",\"name\":\"STAF59\",\"description\":\"\",\"publisher\":{\"@id\":\"https:\\\/\\\/www.staf59.com\\\/#organization\"},\"potentialAction\":[{\"@type\":\"SearchAction\",\"target\":{\"@type\":\"EntryPoint\",\"urlTemplate\":\"https:\\\/\\\/www.staf59.com\\\/?s={search_term_string}\"},\"query-input\":{\"@type\":\"PropertyValueSpecification\",\"valueRequired\":true,\"valueName\":\"search_term_string\"}}],\"inLanguage\":\"es\"},{\"@type\":\"Organization\",\"@id\":\"https:\\\/\\\/www.staf59.com\\\/#organization\",\"name\":\"STAF59\",\"url\":\"https:\\\/\\\/www.staf59.com\\\/\",\"logo\":{\"@type\":\"ImageObject\",\"inLanguage\":\"es\",\"@id\":\"https:\\\/\\\/www.staf59.com\\\/#\\\/schema\\\/logo\\\/image\\\/\",\"url\":\"https:\\\/\\\/i0.wp.com\\\/staf59.com\\\/wp-content\\\/uploads\\\/2021\\\/01\\\/Logo59-800px.jpg?fit=1080%2C325&ssl=1\",\"contentUrl\":\"https:\\\/\\\/i0.wp.com\\\/staf59.com\\\/wp-content\\\/uploads\\\/2021\\\/01\\\/Logo59-800px.jpg?fit=1080%2C325&ssl=1\",\"width\":1080,\"height\":325,\"caption\":\"STAF59\"},\"image\":{\"@id\":\"https:\\\/\\\/www.staf59.com\\\/#\\\/schema\\\/logo\\\/image\\\/\"},\"sameAs\":[\"https:\\\/\\\/www.facebook.com\\\/staff1959\",\"https:\\\/\\\/www.instagram.com\\\/staf59_\\\/\"]}]}<\/script>\n<!-- \/ Yoast SEO plugin. -->","yoast_head_json":{"title":"Cont\u00e1ctanos - STAF59","description":"STAF59 est\u00e1 presente desde hace m\u00e1s de 60 a\u00f1os en el mercado de los equipos para el fr\u00edo, produce una amplia gama de m\u00e1quinas para la producci\u00f3n de hielo en escamas, y m\u00e1quinas para helado.","robots":{"index":"index","follow":"follow","max-snippet":"max-snippet:-1","max-image-preview":"max-image-preview:large","max-video-preview":"max-video-preview:-1"},"canonical":"https:\/\/www.staf59.com\/contact\/","og_locale":"es_ES","og_type":"article","og_title":"Cont\u00e1ctanos - STAF59","og_description":"STAF59 est\u00e1 presente desde hace m\u00e1s de 60 a\u00f1os en el mercado de los equipos para el fr\u00edo, produce una amplia gama de m\u00e1quinas para la producci\u00f3n de hielo en escamas, y m\u00e1quinas para helado.","og_url":"https:\/\/www.staf59.com\/contact\/","og_site_name":"STAF59","article_publisher":"https:\/\/www.facebook.com\/staff1959","article_modified_time":"2025-05-14T07:39:36+00:00","twitter_card":"summary_large_image","twitter_misc":{"Tiempo de lectura":"1 minuto"},"schema":{"@context":"https:\/\/schema.org","@graph":[{"@type":"WebPage","@id":"https:\/\/www.staf59.com\/contact\/","url":"https:\/\/www.staf59.com\/contact\/","name":"Cont\u00e1ctanos - STAF59","isPartOf":{"@id":"https:\/\/www.staf59.com\/#website"},"datePublished":"2021-01-14T09:55:41+00:00","dateModified":"2025-05-14T07:39:36+00:00","description":"STAF59 est\u00e1 presente desde hace m\u00e1s de 60 a\u00f1os en el mercado de los equipos para el fr\u00edo, produce una amplia gama de m\u00e1quinas para la producci\u00f3n de hielo en escamas, y m\u00e1quinas para helado.","breadcrumb":{"@id":"https:\/\/www.staf59.com\/contact\/#breadcrumb"},"inLanguage":"es","potentialAction":[{"@type":"ReadAction","target":["https:\/\/www.staf59.com\/contact\/"]}]},{"@type":"BreadcrumbList","@id":"https:\/\/www.staf59.com\/contact\/#breadcrumb","itemListElement":[{"@type":"ListItem","position":1,"name":"Home","item":"https:\/\/www.staf59.com\/es\/"},{"@type":"ListItem","position":2,"name":"Cont\u00e1ctanos"}]},{"@type":"WebSite","@id":"https:\/\/www.staf59.com\/#website","url":"https:\/\/www.staf59.com\/","name":"STAF59","description":"","publisher":{"@id":"https:\/\/www.staf59.com\/#organization"},"potentialAction":[{"@type":"SearchAction","target":{"@type":"EntryPoint","urlTemplate":"https:\/\/www.staf59.com\/?s={search_term_string}"},"query-input":{"@type":"PropertyValueSpecification","valueRequired":true,"valueName":"search_term_string"}}],"inLanguage":"es"},{"@type":"Organization","@id":"https:\/\/www.staf59.com\/#organization","name":"STAF59","url":"https:\/\/www.staf59.com\/","logo":{"@type":"ImageObject","inLanguage":"es","@id":"https:\/\/www.staf59.com\/#\/schema\/logo\/image\/","url":"https:\/\/i0.wp.com\/staf59.com\/wp-content\/uploads\/2021\/01\/Logo59-800px.jpg?fit=1080%2C325&ssl=1","contentUrl":"https:\/\/i0.wp.com\/staf59.com\/wp-content\/uploads\/2021\/01\/Logo59-800px.jpg?fit=1080%2C325&ssl=1","width":1080,"height":325,"caption":"STAF59"},"image":{"@id":"https:\/\/www.staf59.com\/#\/schema\/logo\/image\/"},"sameAs":["https:\/\/www.facebook.com\/staff1959","https:\/\/www.instagram.com\/staf59_\/"]}]}},"_links":{"self":[{"href":"https:\/\/www.staf59.com\/es\/wp-json\/wp\/v2\/pages\/13438","targetHints":{"allow":["GET"]}}],"collection":[{"href":"https:\/\/www.staf59.com\/es\/wp-json\/wp\/v2\/pages"}],"about":[{"href":"https:\/\/www.staf59.com\/es\/wp-json\/wp\/v2\/types\/page"}],"author":[{"embeddable":true,"href":"https:\/\/www.staf59.com\/es\/wp-json\/wp\/v2\/users\/1"}],"replies":[{"embeddable":true,"href":"https:\/\/www.staf59.com\/es\/wp-json\/wp\/v2\/comments?post=13438"}],"version-history":[{"count":2,"href":"https:\/\/www.staf59.com\/es\/wp-json\/wp\/v2\/pages\/13438\/revisions"}],"predecessor-version":[{"id":13444,"href":"https:\/\/www.staf59.com\/es\/wp-json\/wp\/v2\/pages\/13438\/revisions\/13444"}],"wp:attachment":[{"href":"https:\/\/www.staf59.com\/es\/wp-json\/wp\/v2\/media?parent=13438"}],"curies":[{"name":"wp","href":"https:\/\/api.w.org\/{rel}","templated":true}]}}